{"id":1135,"date":"2026-05-03T00:00:41","date_gmt":"2026-05-03T00:00:41","guid":{"rendered":"https:\/\/moroccostarstravel.com\/?page_id=1135"},"modified":"2026-05-03T18:29:56","modified_gmt":"2026-05-03T18:29:56","slug":"blog","status":"publish","type":"page","link":"https:\/\/moroccostarstravel.com\/it\/blog\/","title":{"rendered":"Blog"},"content":{"rendered":"<div data-elementor-type=\"wp-page\" data-elementor-id=\"1135\" class=\"elementor elementor-1135\" data-elementor-post-type=\"page\">\n\t\t\t\t<div class=\"elementor-element elementor-element-1f9ca41 e-con-full e-flex e-con e-parent\" data-id=\"1f9ca41\" data-element_type=\"container\" data-e-type=\"container\">\n\t\t\t\t<div class=\"elementor-element elementor-element-a77b120 elementor-widget elementor-widget-shortcode\" data-id=\"a77b120\" data-element_type=\"widget\" data-e-type=\"widget\" data-widget_type=\"shortcode.default\">\n\t\t\t\t\t\t\t<div class=\"elementor-shortcode\">\n\t\t<section class=\"tlx-blog-hero\">\n\t\t\t<div class=\"tlx-blog-hero-inner\">\n\t\t\t\t<div class=\"tlx-blog-hero-content\">\n\t\t\t\t\t<span class=\"tlx-label\">MAROCCO STELLE VIAGGIO<\/span>\n\t\t\t\t\t<h1>Blog di viaggio sulle stelle del Marocco<\/h1>\n\t\t\t\t\t<p>Scoprite le guide di viaggio in Marocco, i tour privati in Marocco, le idee per i tour nel deserto di Marrakech, i viaggi nel deserto del Sahara, i consigli per i viaggi in citt\u00e0 e le esperienze Premium in Marocco.<\/p>\n\t\t\t\t<\/div>\n\t\t\t<\/div>\n\t\t<\/section>\n\n\t\t\t\t\t<section class=\"tlx-blog-grid-wrap\">\n\t\t\t\t<div class=\"tlx-blog-grid\">\n\t\t\t\t\t\n\t\t<article class=\"tlx-blog-card\">\n\t\t\t<a class=\"tlx-blog-card-img\" href=\"https:\/\/moroccostarstravel.com\/it\/11-stunning-morocco-road-trips\/\">\n\t\t\t\t\t\t\t\t\t<img loading=\"lazy\" width=\"800\" height=\"516\" src=\"https:\/\/moroccostarstravel.com\/wp-content\/uploads\/2026\/04\/Visiter-Fes-au-Maroc-1-1024x660.jpeg\" class=\"attachment-large size-large wp-post-image\" alt=\"11 Stunning Morocco Road Trips\" decoding=\"async\" srcset=\"https:\/\/moroccostarstravel.com\/wp-content\/uploads\/2026\/04\/Visiter-Fes-au-Maroc-1-1024x660.jpeg 1024w, https:\/\/moroccostarstravel.com\/wp-content\/uploads\/2026\/04\/Visiter-Fes-au-Maroc-1-300x194.jpeg 300w, https:\/\/moroccostarstravel.com\/wp-content\/uploads\/2026\/04\/Visiter-Fes-au-Maroc-1-768x495.jpeg 768w, https:\/\/moroccostarstravel.com\/wp-content\/uploads\/2026\/04\/Visiter-Fes-au-Maroc-1-1536x991.jpeg 1536w, https:\/\/moroccostarstravel.com\/wp-content\/uploads\/2026\/04\/Visiter-Fes-au-Maroc-1.jpeg 2000w\" sizes=\"auto, (max-width: 800px) 100vw, 800px\" \/>\t\t\t\t\t\t\t<\/a>\n\n\t\t\t<div class=\"tlx-blog-card-body\">\n\t\t\t\t<h2>\n\t\t\t\t\t<a href=\"https:\/\/moroccostarstravel.com\/it\/11-stunning-morocco-road-trips\/\">\n\t\t\t\t\t\t11 splendidi viaggi in Marocco\t\t\t\t\t<\/a>\n\t\t\t\t<\/h2>\n\n\t\t\t\t<p>I viaggi in Marocco su strada sono uno dei modi migliori per scoprire la bellezza, la cultura e i paesaggi del Marocco. Il Paese...<\/p>\n\n\t\t\t\t<a class=\"tlx-btn\" href=\"https:\/\/moroccostarstravel.com\/it\/11-stunning-morocco-road-trips\/\">\n\t\t\t\t\tPer saperne di pi\u00f9\n\t\t\t\t<\/a>\n\t\t\t<\/div>\n\t\t<\/article>\n\n\t\t\n\t\t<article class=\"tlx-blog-card\">\n\t\t\t<a class=\"tlx-blog-card-img\" href=\"https:\/\/moroccostarstravel.com\/it\/3-easy-casablanca-travel-tips\/\">\n\t\t\t\t\t\t\t\t\t<img loading=\"lazy\" width=\"800\" height=\"442\" src=\"https:\/\/moroccostarstravel.com\/wp-content\/uploads\/2026\/04\/1771416861905-centro-de-casablanca-1024x566.jpeg\" class=\"attachment-large size-large wp-post-image\" alt=\"3 Easy Casablanca Travel Tips\" decoding=\"async\" srcset=\"https:\/\/moroccostarstravel.com\/wp-content\/uploads\/2026\/04\/1771416861905-centro-de-casablanca-1024x566.jpeg 1024w, https:\/\/moroccostarstravel.com\/wp-content\/uploads\/2026\/04\/1771416861905-centro-de-casablanca-300x166.jpeg 300w, https:\/\/moroccostarstravel.com\/wp-content\/uploads\/2026\/04\/1771416861905-centro-de-casablanca-768x424.jpeg 768w, https:\/\/moroccostarstravel.com\/wp-content\/uploads\/2026\/04\/1771416861905-centro-de-casablanca.jpeg 1448w\" sizes=\"auto, (max-width: 800px) 100vw, 800px\" \/>\t\t\t\t\t\t\t<\/a>\n\n\t\t\t<div class=\"tlx-blog-card-body\">\n\t\t\t\t<h2>\n\t\t\t\t\t<a href=\"https:\/\/moroccostarstravel.com\/it\/3-easy-casablanca-travel-tips\/\">\n\t\t\t\t\t\t3 facili consigli di viaggio per Casablanca\t\t\t\t\t<\/a>\n\t\t\t\t<\/h2>\n\n\t\t\t\t<p>I consigli di viaggio per Casablanca sono molto utili per i viaggiatori che vogliono godersi la citt\u00e0 pi\u00f9 grande del Marocco con comodit\u00e0 e sicurezza. Casablanca...<\/p>\n\n\t\t\t\t<a class=\"tlx-btn\" href=\"https:\/\/moroccostarstravel.com\/it\/3-easy-casablanca-travel-tips\/\">\n\t\t\t\t\tPer saperne di pi\u00f9\n\t\t\t\t<\/a>\n\t\t\t<\/div>\n\t\t<\/article>\n\n\t\t\n\t\t<article class=\"tlx-blog-card\">\n\t\t\t<a class=\"tlx-blog-card-img\" href=\"https:\/\/moroccostarstravel.com\/it\/12-best-morocco-cultural-tours\/\">\n\t\t\t\t\t\t\t\t\t<img loading=\"lazy\" width=\"800\" height=\"534\" src=\"https:\/\/moroccostarstravel.com\/wp-content\/uploads\/2026\/04\/12-Days-Morocco-Itinerary-Chefchaouen-Top-Things-to-Do-1024x683.webp\" class=\"attachment-large size-large wp-post-image\" alt=\"12 Best Morocco Cultural Tours\" decoding=\"async\" srcset=\"https:\/\/moroccostarstravel.com\/wp-content\/uploads\/2026\/04\/12-Days-Morocco-Itinerary-Chefchaouen-Top-Things-to-Do-1024x683.webp 1024w, https:\/\/moroccostarstravel.com\/wp-content\/uploads\/2026\/04\/12-Days-Morocco-Itinerary-Chefchaouen-Top-Things-to-Do-300x200.webp 300w, https:\/\/moroccostarstravel.com\/wp-content\/uploads\/2026\/04\/12-Days-Morocco-Itinerary-Chefchaouen-Top-Things-to-Do-768x512.webp 768w, https:\/\/moroccostarstravel.com\/wp-content\/uploads\/2026\/04\/12-Days-Morocco-Itinerary-Chefchaouen-Top-Things-to-Do.webp 1350w\" sizes=\"auto, (max-width: 800px) 100vw, 800px\" \/>\t\t\t\t\t\t\t<\/a>\n\n\t\t\t<div class=\"tlx-blog-card-body\">\n\t\t\t\t<h2>\n\t\t\t\t\t<a href=\"https:\/\/moroccostarstravel.com\/it\/12-best-morocco-cultural-tours\/\">\n\t\t\t\t\t\tI 12 migliori tour culturali del Marocco\t\t\t\t\t<\/a>\n\t\t\t\t<\/h2>\n\n\t\t\t\t<p>I tour culturali in Marocco sono uno dei modi migliori per scoprire la storia, le tradizioni, l'architettura, il cibo, la musica, l'artigianato e le...<\/p>\n\n\t\t\t\t<a class=\"tlx-btn\" href=\"https:\/\/moroccostarstravel.com\/it\/12-best-morocco-cultural-tours\/\">\n\t\t\t\t\tPer saperne di pi\u00f9\n\t\t\t\t<\/a>\n\t\t\t<\/div>\n\t\t<\/article>\n\n\t\t\n\t\t<article class=\"tlx-blog-card\">\n\t\t\t<a class=\"tlx-blog-card-img\" href=\"https:\/\/moroccostarstravel.com\/it\/4-amazing-agafay-desert-tours\/\">\n\t\t\t\t\t\t\t\t\t<img loading=\"lazy\" width=\"800\" height=\"600\" src=\"https:\/\/moroccostarstravel.com\/wp-content\/uploads\/2026\/04\/Agafay-desert-Marrakech.jpg\" class=\"attachment-large size-large wp-post-image\" alt=\"4 Amazing Agafay Desert Tours\" decoding=\"async\" srcset=\"https:\/\/moroccostarstravel.com\/wp-content\/uploads\/2026\/04\/Agafay-desert-Marrakech.jpg 900w, https:\/\/moroccostarstravel.com\/wp-content\/uploads\/2026\/04\/Agafay-desert-Marrakech-300x225.jpg 300w, https:\/\/moroccostarstravel.com\/wp-content\/uploads\/2026\/04\/Agafay-desert-Marrakech-768x576.jpg 768w\" sizes=\"auto, (max-width: 800px) 100vw, 800px\" \/>\t\t\t\t\t\t\t<\/a>\n\n\t\t\t<div class=\"tlx-blog-card-body\">\n\t\t\t\t<h2>\n\t\t\t\t\t<a href=\"https:\/\/moroccostarstravel.com\/it\/4-amazing-agafay-desert-tours\/\">\n\t\t\t\t\t\t4 incredibili tour nel deserto di Agafay\t\t\t\t\t<\/a>\n\t\t\t\t<\/h2>\n\n\t\t\t\t<p>I tour nel deserto di Agafay sono uno dei modi migliori per vivere un'esperienza nel deserto vicino a Marrakech. Il deserto di Agafay...<\/p>\n\n\t\t\t\t<a class=\"tlx-btn\" href=\"https:\/\/moroccostarstravel.com\/it\/4-amazing-agafay-desert-tours\/\">\n\t\t\t\t\tPer saperne di pi\u00f9\n\t\t\t\t<\/a>\n\t\t\t<\/div>\n\t\t<\/article>\n\n\t\t\n\t\t<article class=\"tlx-blog-card\">\n\t\t\t<a class=\"tlx-blog-card-img\" href=\"https:\/\/moroccostarstravel.com\/it\/8-perfect-morocco-honeymoon-ideas\/\">\n\t\t\t\t\t\t\t\t\t<img loading=\"lazy\" width=\"800\" height=\"533\" src=\"https:\/\/moroccostarstravel.com\/wp-content\/uploads\/2026\/04\/Visiter-Agadir-10-incontournables-a-faire-et-voir-Maroc-1024x682.jpeg\" class=\"attachment-large size-large wp-post-image\" alt=\"8 Perfect Morocco Honeymoon Ideas\" decoding=\"async\" srcset=\"https:\/\/moroccostarstravel.com\/wp-content\/uploads\/2026\/04\/Visiter-Agadir-10-incontournables-a-faire-et-voir-Maroc-1024x682.jpeg 1024w, https:\/\/moroccostarstravel.com\/wp-content\/uploads\/2026\/04\/Visiter-Agadir-10-incontournables-a-faire-et-voir-Maroc-300x200.jpeg 300w, https:\/\/moroccostarstravel.com\/wp-content\/uploads\/2026\/04\/Visiter-Agadir-10-incontournables-a-faire-et-voir-Maroc-768x512.jpeg 768w, https:\/\/moroccostarstravel.com\/wp-content\/uploads\/2026\/04\/Visiter-Agadir-10-incontournables-a-faire-et-voir-Maroc-1536x1024.jpeg 1536w, https:\/\/moroccostarstravel.com\/wp-content\/uploads\/2026\/04\/Visiter-Agadir-10-incontournables-a-faire-et-voir-Maroc.jpeg 2000w\" sizes=\"auto, (max-width: 800px) 100vw, 800px\" \/>\t\t\t\t\t\t\t<\/a>\n\n\t\t\t<div class=\"tlx-blog-card-body\">\n\t\t\t\t<h2>\n\t\t\t\t\t<a href=\"https:\/\/moroccostarstravel.com\/it\/8-perfect-morocco-honeymoon-ideas\/\">\n\t\t\t\t\t\t8 idee per una perfetta luna di miele in Marocco\t\t\t\t\t<\/a>\n\t\t\t\t<\/h2>\n\n\t\t\t\t<p>Le idee per la luna di miele in Marocco sono perfette per le coppie che desiderano romanticismo, avventura, cultura, lusso e ricordi indimenticabili. Il Marocco \u00e8 uno dei...<\/p>\n\n\t\t\t\t<a class=\"tlx-btn\" href=\"https:\/\/moroccostarstravel.com\/it\/8-perfect-morocco-honeymoon-ideas\/\">\n\t\t\t\t\tPer saperne di pi\u00f9\n\t\t\t\t<\/a>\n\t\t\t<\/div>\n\t\t<\/article>\n\n\t\t\n\t\t<article class=\"tlx-blog-card\">\n\t\t\t<a class=\"tlx-blog-card-img\" href=\"https:\/\/moroccostarstravel.com\/it\/6-beautiful-essaouira-day-trips\/\">\n\t\t\t\t\t\t\t\t\t<img loading=\"lazy\" width=\"669\" height=\"446\" src=\"https:\/\/moroccostarstravel.com\/wp-content\/uploads\/2026\/04\/a6-1.jpg\" class=\"attachment-large size-large wp-post-image\" alt=\"6 Beautiful Essaouira Day Trips\" decoding=\"async\" srcset=\"https:\/\/moroccostarstravel.com\/wp-content\/uploads\/2026\/04\/a6-1.jpg 669w, https:\/\/moroccostarstravel.com\/wp-content\/uploads\/2026\/04\/a6-1-300x200.jpg 300w\" sizes=\"auto, (max-width: 669px) 100vw, 669px\" \/>\t\t\t\t\t\t\t<\/a>\n\n\t\t\t<div class=\"tlx-blog-card-body\">\n\t\t\t\t<h2>\n\t\t\t\t\t<a href=\"https:\/\/moroccostarstravel.com\/it\/6-beautiful-essaouira-day-trips\/\">\n\t\t\t\t\t\t6 bellissime escursioni giornaliere a Essaouira\t\t\t\t\t<\/a>\n\t\t\t\t<\/h2>\n\n\t\t\t\t<p>Le escursioni giornaliere a Essaouira sono uno dei modi pi\u00f9 belli per scoprire la costa atlantica del Marocco partendo da Marrakech. Essaouira \u00e8 una...<\/p>\n\n\t\t\t\t<a class=\"tlx-btn\" href=\"https:\/\/moroccostarstravel.com\/it\/6-beautiful-essaouira-day-trips\/\">\n\t\t\t\t\tPer saperne di pi\u00f9\n\t\t\t\t<\/a>\n\t\t\t<\/div>\n\t\t<\/article>\n\n\t\t\n\t\t<article class=\"tlx-blog-card\">\n\t\t\t<a class=\"tlx-blog-card-img\" href=\"https:\/\/moroccostarstravel.com\/it\/9-incredible-morocco-private-tours\/\">\n\t\t\t\t\t\t\t\t\t<img loading=\"lazy\" width=\"800\" height=\"445\" src=\"https:\/\/moroccostarstravel.com\/wp-content\/uploads\/2026\/04\/saharadeserttour_057-1024x569.jpg\" class=\"attachment-large size-large wp-post-image\" alt=\"9 Incredible Morocco Private Tours\" decoding=\"async\" srcset=\"https:\/\/moroccostarstravel.com\/wp-content\/uploads\/2026\/04\/saharadeserttour_057-1024x569.jpg 1024w, https:\/\/moroccostarstravel.com\/wp-content\/uploads\/2026\/04\/saharadeserttour_057-300x167.jpg 300w, https:\/\/moroccostarstravel.com\/wp-content\/uploads\/2026\/04\/saharadeserttour_057-768x427.jpg 768w, https:\/\/moroccostarstravel.com\/wp-content\/uploads\/2026\/04\/saharadeserttour_057-1536x853.jpg 1536w, https:\/\/moroccostarstravel.com\/wp-content\/uploads\/2026\/04\/saharadeserttour_057.jpg 2000w\" sizes=\"auto, (max-width: 800px) 100vw, 800px\" \/>\t\t\t\t\t\t\t<\/a>\n\n\t\t\t<div class=\"tlx-blog-card-body\">\n\t\t\t\t<h2>\n\t\t\t\t\t<a href=\"https:\/\/moroccostarstravel.com\/it\/9-incredible-morocco-private-tours\/\">\n\t\t\t\t\t\t9 incredibili tour privati del Marocco\t\t\t\t\t<\/a>\n\t\t\t\t<\/h2>\n\n\t\t\t\t<p>I tour privati in Marocco sono uno dei modi migliori per scoprire le bellezze, la cultura e l'avventura del Marocco con il comfort...<\/p>\n\n\t\t\t\t<a class=\"tlx-btn\" href=\"https:\/\/moroccostarstravel.com\/it\/9-incredible-morocco-private-tours\/\">\n\t\t\t\t\tPer saperne di pi\u00f9\n\t\t\t\t<\/a>\n\t\t\t<\/div>\n\t\t<\/article>\n\n\t\t\n\t\t<article class=\"tlx-blog-card\">\n\t\t\t<a class=\"tlx-blog-card-img\" href=\"https:\/\/moroccostarstravel.com\/it\/5-wonderful-morocco-family-tours\/\">\n\t\t\t\t\t\t\t\t\t<img loading=\"lazy\" width=\"669\" height=\"446\" src=\"https:\/\/moroccostarstravel.com\/wp-content\/uploads\/2026\/04\/06.jpg\" class=\"attachment-large size-large wp-post-image\" alt=\"5 Wonderful Morocco Family Tours\" decoding=\"async\" srcset=\"https:\/\/moroccostarstravel.com\/wp-content\/uploads\/2026\/04\/06.jpg 669w, https:\/\/moroccostarstravel.com\/wp-content\/uploads\/2026\/04\/06-300x200.jpg 300w\" sizes=\"auto, (max-width: 669px) 100vw, 669px\" \/>\t\t\t\t\t\t\t<\/a>\n\n\t\t\t<div class=\"tlx-blog-card-body\">\n\t\t\t\t<h2>\n\t\t\t\t\t<a href=\"https:\/\/moroccostarstravel.com\/it\/5-wonderful-morocco-family-tours\/\">\n\t\t\t\t\t\t5 meravigliosi tour del Marocco per famiglie\t\t\t\t\t<\/a>\n\t\t\t\t<\/h2>\n\n\t\t\t\t<p>I tour in famiglia in Marocco sono un modo meraviglioso per scoprire la bellezza, la cultura e l'avventura del Marocco con bambini, genitori e...<\/p>\n\n\t\t\t\t<a class=\"tlx-btn\" href=\"https:\/\/moroccostarstravel.com\/it\/5-wonderful-morocco-family-tours\/\">\n\t\t\t\t\tPer saperne di pi\u00f9\n\t\t\t\t<\/a>\n\t\t\t<\/div>\n\t\t<\/article>\n\n\t\t\n\t\t<article class=\"tlx-blog-card\">\n\t\t\t<a class=\"tlx-blog-card-img\" href=\"https:\/\/moroccostarstravel.com\/it\/7-best-marrakech-travel-tips\/\">\n\t\t\t\t\t\t\t\t\t<img loading=\"lazy\" width=\"800\" height=\"534\" src=\"https:\/\/moroccostarstravel.com\/wp-content\/uploads\/2026\/04\/villa-marrakech-Yali-1-1140x760-1-1024x683.webp\" class=\"attachment-large size-large wp-post-image\" alt=\"7 Best Marrakech Travel Tips\" decoding=\"async\" srcset=\"https:\/\/moroccostarstravel.com\/wp-content\/uploads\/2026\/04\/villa-marrakech-Yali-1-1140x760-1-1024x683.webp 1024w, https:\/\/moroccostarstravel.com\/wp-content\/uploads\/2026\/04\/villa-marrakech-Yali-1-1140x760-1-300x200.webp 300w, https:\/\/moroccostarstravel.com\/wp-content\/uploads\/2026\/04\/villa-marrakech-Yali-1-1140x760-1-768x512.webp 768w, https:\/\/moroccostarstravel.com\/wp-content\/uploads\/2026\/04\/villa-marrakech-Yali-1-1140x760-1.webp 1140w\" sizes=\"auto, (max-width: 800px) 100vw, 800px\" \/>\t\t\t\t\t\t\t<\/a>\n\n\t\t\t<div class=\"tlx-blog-card-body\">\n\t\t\t\t<h2>\n\t\t\t\t\t<a href=\"https:\/\/moroccostarstravel.com\/it\/7-best-marrakech-travel-tips\/\">\n\t\t\t\t\t\t7 migliori consigli di viaggio per Marrakech\t\t\t\t\t<\/a>\n\t\t\t\t<\/h2>\n\n\t\t\t\t<p>I consigli di viaggio per Marrakech sono molto utili per pianificare una visita agevole, confortevole e indimenticabile alla famosa Citt\u00e0 Rossa del Marocco. Marrakech...<\/p>\n\n\t\t\t\t<a class=\"tlx-btn\" href=\"https:\/\/moroccostarstravel.com\/it\/7-best-marrakech-travel-tips\/\">\n\t\t\t\t\tPer saperne di pi\u00f9\n\t\t\t\t<\/a>\n\t\t\t<\/div>\n\t\t<\/article>\n\n\t\t\t\t\t\t<\/div>\n\n\t\t\t\t<nav class=\"tlx-pagination\" aria-label=\"Paginazione del blog\"><ul class='page-numbers'>\n\t<li><span aria-current=\"page\" class=\"page-numbers current\">1<\/span><\/li>\n\t<li><a class=\"page-numbers\" href=\"\/it\/wp-json\/wp\/v2\/pages\/1135?tlx_page=2\">2<\/a><\/li>\n\t<li><a class=\"next page-numbers\" href=\"\/it\/wp-json\/wp\/v2\/pages\/1135?tlx_page=2\">Avanti<\/a><\/li>\n<\/ul>\n<\/nav>\t\t\t<\/section>\n\t\t\n\t\t<\/div>\n\t\t\t\t\t\t<\/div>\n\t\t\t\t<\/div>\n\t\t\t\t<\/div>","protected":false},"excerpt":{"rendered":"","protected":false},"author":1,"featured_media":0,"parent":0,"menu_order":0,"comment_status":"closed","ping_status":"closed","template":"elementor_header_footer","meta":{"footnotes":""},"class_list":["post-1135","page","type-page","status-publish","hentry"],"_links":{"self":[{"href":"https:\/\/moroccostarstravel.com\/it\/wp-json\/wp\/v2\/pages\/1135","targetHints":{"allow":["GET"]}}],"collection":[{"href":"https:\/\/moroccostarstravel.com\/it\/wp-json\/wp\/v2\/pages"}],"about":[{"href":"https:\/\/moroccostarstravel.com\/it\/wp-json\/wp\/v2\/types\/page"}],"author":[{"embeddable":true,"href":"https:\/\/moroccostarstravel.com\/it\/wp-json\/wp\/v2\/users\/1"}],"replies":[{"embeddable":true,"href":"https:\/\/moroccostarstravel.com\/it\/wp-json\/wp\/v2\/comments?post=1135"}],"version-history":[{"count":5,"href":"https:\/\/moroccostarstravel.com\/it\/wp-json\/wp\/v2\/pages\/1135\/revisions"}],"predecessor-version":[{"id":1239,"href":"https:\/\/moroccostarstravel.com\/it\/wp-json\/wp\/v2\/pages\/1135\/revisions\/1239"}],"wp:attachment":[{"href":"https:\/\/moroccostarstravel.com\/it\/wp-json\/wp\/v2\/media?parent=1135"}],"curies":[{"name":"wp","href":"https:\/\/api.w.org\/{rel}","templated":true}]}}